{"id":1180,"date":"2024-08-15T13:48:35","date_gmt":"2024-08-15T13:48:35","guid":{"rendered":"https:\/\/themes.potenzaglobalsolutions.com\/nexbiz\/?page_id=1180"},"modified":"2025-07-08T17:06:01","modified_gmt":"2025-07-08T17:06:01","slug":"contact-us","status":"publish","type":"page","link":"https:\/\/rnetworks.com.br\/site\/index.php\/contact-us\/","title":{"rendered":"Contato RNetworks"},"content":{"rendered":"\t\t<div data-elementor-type=\"wp-page\" data-elementor-id=\"1180\" class=\"elementor elementor-1180\">\n\t\t\t\t<div class=\"elementor-element elementor-element-b6e2686 e-flex e-con-boxed e-con e-parent\" data-id=\"b6e2686\" data-element_type=\"container\" data-settings=\"{&quot;background_background&quot;:&quot;classic&quot;}\">\n\t\t\t\t\t<div class=\"e-con-inner\">\n\t\t<div class=\"elementor-element elementor-element-bfa8b15 e-con-full e-flex elementor-invisible e-con e-child\" data-id=\"bfa8b15\" data-element_type=\"container\" data-settings=\"{&quot;animation&quot;:&quot;fadeInUp&quot;,&quot;animation_delay&quot;:100}\">\n\t\t<div class=\"elementor-element elementor-element-4d1e13e e-con-full e-flex e-con e-child\" data-id=\"4d1e13e\" data-element_type=\"container\">\n\t\t\t\t<div class=\"elementor-element elementor-element-47e4bd7 elementor-widget__width-inherit elementor-widget elementor-widget-heading\" data-id=\"47e4bd7\" data-element_type=\"widget\" data-widget_type=\"heading.default\">\n\t\t\t\t\t<div class=\"pgs-el-heading-wrapper pgs-el-heading-align-left\">\t\t\t\t<div class=\"elementor-heading-subtitle\">\n\t\t\t\t\t\t\t\t\t\t\t<span class=\"elementor-heading-subtitle-text\">Fale conosco<\/span>\n\t\t\t\t\t\t\t\t\t\t<\/div>\n\t\t\t\t<h3 class=\"elementor-heading-title elementor-size-default\">Precisa de solu\u00e7\u00f5es em TI? Entre em contato com a RNetworks.\n<\/h3><\/div>\t\t\t\t<\/div>\n\t\t\t\t<div class=\"elementor-element elementor-element-07df842 elementor-widget elementor-widget-text-editor\" data-id=\"07df842\" data-element_type=\"widget\" data-widget_type=\"text-editor.default\">\n\t\t\t\t\t\t\t\t\t<p>Somos especialistas em infraestrutura, seguran\u00e7a, cloud computing e suporte corporativo. Fale com nossa equipe t\u00e9cnica e transforme sua TI em um diferencial competitivo.<\/p>\t\t\t\t\t\t\t\t<\/div>\n\t\t<div class=\"elementor-element elementor-element-12ef803 e-con-full e-flex e-con e-child\" data-id=\"12ef803\" data-element_type=\"container\">\n\t\t<div class=\"elementor-element elementor-element-1c482c6 e-con-full e-flex e-con e-child\" data-id=\"1c482c6\" data-element_type=\"container\">\n\t\t\t\t<div class=\"elementor-element elementor-element-234ee56 elementor-widget__width-inherit elementor-widget elementor-widget-heading\" data-id=\"234ee56\" data-element_type=\"widget\" data-widget_type=\"heading.default\">\n\t\t\t\t\t<div class=\"pgs-el-heading-wrapper pgs-el-heading-align-left\"><h5 class=\"elementor-heading-title elementor-size-default\">Matriz<\/h5><\/div>\t\t\t\t<\/div>\n\t\t\t\t<div class=\"elementor-element elementor-element-bb438a8 elementor-widget elementor-widget-text-editor\" data-id=\"bb438a8\" data-element_type=\"widget\" data-widget_type=\"text-editor.default\">\n\t\t\t\t\t\t\t\t\t<p>10 de setembro 831, Centro, Dois Irm\u00e3os &#8211; RS. Brasil<\/p>\t\t\t\t\t\t\t\t<\/div>\n\t\t\t\t<div class=\"elementor-element elementor-element-5f7d736 elementor-icon-list--layout-traditional elementor-list-item-link-full_width elementor-widget elementor-widget-icon-list\" data-id=\"5f7d736\" data-element_type=\"widget\" data-widget_type=\"icon-list.default\">\n\t\t\t\t\t\t\t<ul class=\"elementor-icon-list-items\">\n\t\t\t\t\t\t\t<li class=\"elementor-icon-list-item\">\n\t\t\t\t\t\t\t\t\t\t\t<span class=\"elementor-icon-list-icon\">\n\t\t\t\t\t\t\t<i aria-hidden=\"true\" class=\"bi bi-telephone-plus\"><\/i>\t\t\t\t\t\t<\/span>\n\t\t\t\t\t\t\t\t\t\t<span class=\"elementor-icon-list-text\">+55 51 2165-1970<\/span>\n\t\t\t\t\t\t\t\t\t<\/li>\n\t\t\t\t\t\t\t\t<li class=\"elementor-icon-list-item\">\n\t\t\t\t\t\t\t\t\t\t\t<span class=\"elementor-icon-list-icon\">\n\t\t\t\t\t\t\t<i aria-hidden=\"true\" class=\"bi bi-envelope\"><\/i>\t\t\t\t\t\t<\/span>\n\t\t\t\t\t\t\t\t\t\t<span class=\"elementor-icon-list-text\">contato@rnetworks.com.br<\/span>\n\t\t\t\t\t\t\t\t\t<\/li>\n\t\t\t\t\t\t<\/ul>\n\t\t\t\t\t\t<\/div>\n\t\t\t\t<\/div>\n\t\t<div class=\"elementor-element elementor-element-5b8758b e-con-full e-flex e-con e-child\" data-id=\"5b8758b\" data-element_type=\"container\">\n\t\t\t\t<div class=\"elementor-element elementor-element-13661c6 elementor-widget__width-inherit elementor-widget elementor-widget-heading\" data-id=\"13661c6\" data-element_type=\"widget\" data-widget_type=\"heading.default\">\n\t\t\t\t\t<div class=\"pgs-el-heading-wrapper pgs-el-heading-align-left\"><h5 class=\"elementor-heading-title elementor-size-default\">Education<\/h5><\/div>\t\t\t\t<\/div>\n\t\t\t\t<div class=\"elementor-element elementor-element-0462993 elementor-widget elementor-widget-text-editor\" data-id=\"0462993\" data-element_type=\"widget\" data-widget_type=\"text-editor.default\">\n\t\t\t\t\t\t\t\t\t<p>10 de setembro 831, Sala 2, Centro, Dois Irm\u00e3os &#8211; RS. Brasil<\/p>\t\t\t\t\t\t\t\t<\/div>\n\t\t\t\t<div class=\"elementor-element elementor-element-c607de0 elementor-icon-list--layout-traditional elementor-list-item-link-full_width elementor-widget elementor-widget-icon-list\" data-id=\"c607de0\" data-element_type=\"widget\" data-widget_type=\"icon-list.default\">\n\t\t\t\t\t\t\t<ul class=\"elementor-icon-list-items\">\n\t\t\t\t\t\t\t<li class=\"elementor-icon-list-item\">\n\t\t\t\t\t\t\t\t\t\t\t<span class=\"elementor-icon-list-icon\">\n\t\t\t\t\t\t\t<i aria-hidden=\"true\" class=\"bi bi-telephone-plus\"><\/i>\t\t\t\t\t\t<\/span>\n\t\t\t\t\t\t\t\t\t\t<span class=\"elementor-icon-list-text\">+55 51 2165-2490<\/span>\n\t\t\t\t\t\t\t\t\t<\/li>\n\t\t\t\t\t\t\t\t<li class=\"elementor-icon-list-item\">\n\t\t\t\t\t\t\t\t\t\t\t<span class=\"elementor-icon-list-icon\">\n\t\t\t\t\t\t\t<i aria-hidden=\"true\" class=\"bi bi-envelope\"><\/i>\t\t\t\t\t\t<\/span>\n\t\t\t\t\t\t\t\t\t\t<span class=\"elementor-icon-list-text\">contato@edu.rnetworks.com.br<\/span>\n\t\t\t\t\t\t\t\t\t<\/li>\n\t\t\t\t\t\t<\/ul>\n\t\t\t\t\t\t<\/div>\n\t\t\t\t<\/div>\n\t\t\t\t<\/div>\n\t\t<div class=\"elementor-element elementor-element-2d1e145 e-con-full e-flex e-con e-child\" data-id=\"2d1e145\" data-element_type=\"container\">\n\t\t\t\t<div class=\"elementor-element elementor-element-6c04ed5 elementor-widget elementor-widget-google_maps\" data-id=\"6c04ed5\" data-element_type=\"widget\" data-widget_type=\"google_maps.default\">\n\t\t\t\t\t\t\t<div class=\"elementor-custom-embed\">\n\t\t\t<iframe loading=\"lazy\"\n\t\t\t\t\tsrc=\"https:\/\/maps.google.com\/maps?q=Dois%20irm%C3%A3os%20-%20RS%20Brasil&#038;t=m&#038;z=10&#038;output=embed&#038;iwloc=near\"\n\t\t\t\t\ttitle=\"Dois irm\u00e3os - RS Brasil\"\n\t\t\t\t\taria-label=\"Dois irm\u00e3os - RS Brasil\"\n\t\t\t><\/iframe>\n\t\t<\/div>\n\t\t\t\t\t\t<\/div>\n\t\t\t\t<\/div>\n\t\t\t\t<\/div>\n\t\t\t\t<\/div>\n\t\t<div class=\"elementor-element elementor-element-d17592b e-con-full e-flex elementor-invisible e-con e-child\" data-id=\"d17592b\" data-element_type=\"container\" data-settings=\"{&quot;animation&quot;:&quot;fadeInUp&quot;,&quot;animation_delay&quot;:300}\">\n\t\t<div class=\"elementor-element elementor-element-9eba649 e-con-full e-flex e-con e-child\" data-id=\"9eba649\" data-element_type=\"container\" data-settings=\"{&quot;background_background&quot;:&quot;classic&quot;}\">\n\t\t\t\t<div class=\"elementor-element elementor-element-2f79372 elementor-widget elementor-widget-heading\" data-id=\"2f79372\" data-element_type=\"widget\" data-widget_type=\"heading.default\">\n\t\t\t\t\t<div class=\"pgs-el-heading-wrapper pgs-el-heading-align-left\"><h4 class=\"elementor-heading-title elementor-size-default\">Preencha o formul\u00e1rio e fale com um especialista\n<\/h4><\/div>\t\t\t\t<\/div>\n\t\t\t\t<div class=\"elementor-element elementor-element-c987fd3 elementor-widget elementor-widget-pgsel_cf7-form\" data-id=\"c987fd3\" data-element_type=\"widget\" data-widget_type=\"pgsel_cf7-form.default\">\n\t\t\t\t<div class=\"elementor-widget-container\">\n\t\t\t\t\t<div class=\"pgsel_cf7-form_wrapper\">\n\t<div class=\"custom-form-widget form-full-bottom button-type-default\">\n<div class=\"wpcf7 no-js\" id=\"wpcf7-f7968-o1\" lang=\"en-US\" dir=\"ltr\" data-wpcf7-id=\"7968\">\n<div class=\"screen-reader-response\"><p role=\"status\" aria-live=\"polite\" aria-atomic=\"true\"><\/p> <ul><\/ul><\/div>\n<form action=\"\/site\/index.php\/wp-json\/wp\/v2\/pages\/1180#wpcf7-f7968-o1\" method=\"post\" class=\"wpcf7-form init pgsel-home-form\" aria-label=\"Contact form\" novalidate=\"novalidate\" data-status=\"init\">\n<fieldset class=\"hidden-fields-container\"><input type=\"hidden\" name=\"_wpcf7\" value=\"7968\" \/><input type=\"hidden\" name=\"_wpcf7_version\" value=\"6.1\" \/><input type=\"hidden\" name=\"_wpcf7_locale\" value=\"en_US\" \/><input type=\"hidden\" name=\"_wpcf7_unit_tag\" value=\"wpcf7-f7968-o1\" \/><input type=\"hidden\" name=\"_wpcf7_container_post\" value=\"0\" \/><input type=\"hidden\" name=\"_wpcf7_posted_data_hash\" value=\"\" \/>\n<\/fieldset>\n<div class=\"row\">\n\t<div class=\"col-md-6\">\n\t\t<p><span class=\"wpcf7-form-control-wrap\" data-name=\"first-name\"><input size=\"40\" maxlength=\"400\" class=\"wpcf7-form-control wpcf7-text wpcf7-validates-as-required\" aria-required=\"true\" aria-invalid=\"false\" placeholder=\"First Name*\" value=\"\" type=\"text\" name=\"first-name\" \/><\/span>\n\t\t<\/p>\n\t<\/div>\n\t<div class=\"col-md-6\">\n\t\t<p><span class=\"wpcf7-form-control-wrap\" data-name=\"last-name\"><input size=\"40\" maxlength=\"400\" class=\"wpcf7-form-control wpcf7-text wpcf7-validates-as-required\" aria-required=\"true\" aria-invalid=\"false\" placeholder=\"Last Name*\" value=\"\" type=\"text\" name=\"last-name\" \/><\/span>\n\t\t<\/p>\n\t<\/div>\n\t<div class=\"col-md-6\">\n\t\t<p><span class=\"wpcf7-form-control-wrap\" data-name=\"your-email\"><input size=\"40\" maxlength=\"400\" class=\"wpcf7-form-control wpcf7-email wpcf7-validates-as-required wpcf7-text wpcf7-validates-as-email\" aria-required=\"true\" aria-invalid=\"false\" placeholder=\"Email*\" value=\"\" type=\"email\" name=\"your-email\" \/><\/span>\n\t\t<\/p>\n\t<\/div>\n\t<div class=\"col-md-6\">\n\t\t<p><span class=\"wpcf7-form-control-wrap\" data-name=\"tel-865\"><input size=\"40\" maxlength=\"400\" class=\"wpcf7-form-control wpcf7-tel wpcf7-validates-as-required wpcf7-text wpcf7-validates-as-tel\" aria-required=\"true\" aria-invalid=\"false\" placeholder=\"Phone*\" value=\"\" type=\"tel\" name=\"tel-865\" \/><\/span>\n\t\t<\/p>\n\t<\/div>\n\t<div class=\"col-md-12\">\n\t\t<p><span class=\"wpcf7-form-control-wrap\" data-name=\"company-message\"><textarea cols=\"10\" rows=\"3\" maxlength=\"2000\" class=\"wpcf7-form-control wpcf7-textarea\" aria-invalid=\"false\" placeholder=\"Company \/ Organization about*\" name=\"company-message\"><\/textarea><\/span>\n\t\t<\/p>\n\t<\/div>\n\t<div class=\"col-md-12\">\n\t\t<p><span class=\"wpcf7-form-control-wrap\" data-name=\"your-message\"><textarea cols=\"10\" rows=\"4\" maxlength=\"2000\" class=\"wpcf7-form-control wpcf7-textarea\" aria-invalid=\"false\" placeholder=\"Write a Message\" name=\"your-message\"><\/textarea><\/span>\n\t\t<\/p>\n\t<\/div>\n\t<div class=\"col-md-12\">\n\t\t<p><input class=\"wpcf7-form-control wpcf7-submit has-spinner\" type=\"submit\" value=\"Send Message\" \/>\n\t\t<\/p>\n\t<\/div>\n<\/div><p style=\"display: none !important;\" class=\"akismet-fields-container\" data-prefix=\"_wpcf7_ak_\"><label>&#916;<textarea name=\"_wpcf7_ak_hp_textarea\" cols=\"45\" rows=\"8\" maxlength=\"100\"><\/textarea><\/label><input type=\"hidden\" id=\"ak_js_1\" name=\"_wpcf7_ak_js\" value=\"65\"\/><script>document.getElementById( \"ak_js_1\" ).setAttribute( \"value\", ( new Date() ).getTime() );<\/script><\/p><div class=\"wpcf7-response-output\" aria-hidden=\"true\"><\/div>\n<\/form>\n<\/div>\n<\/div>\n<\/div>\n\t\t\t\t<\/div>\n\t\t\t\t<\/div>\n\t\t\t\t<\/div>\n\t\t\t\t<\/div>\n\t\t\t\t\t<\/div>\n\t\t\t\t<\/div>\n\t\t\t\t<\/div>\n\t\t","protected":false},"excerpt":{"rendered":"<p>Fale conosco Precisa de solu\u00e7\u00f5es em TI? Entre em contato com a RNetworks. Somos especialistas em infraestrutura, seguran\u00e7a, cloud computing e suporte corporativo. Fale com nossa equipe t\u00e9cnica e transforme sua TI em um diferencial competitivo. Matriz 10 de setembro 831, Centro, Dois Irm\u00e3os &#8211; RS. Brasil +55 51 2165-1970 contato@rnetworks.com.br Education 10 de setembro [&hellip;]<\/p>\n","protected":false},"author":1,"featured_media":0,"parent":0,"menu_order":0,"comment_status":"closed","ping_status":"closed","template":"elementor_header_footer","meta":{"_acf_changed":false,"footnotes":""},"class_list":["post-1180","page","type-page","status-publish","hentry"],"acf":[],"_links":{"self":[{"href":"https:\/\/rnetworks.com.br\/site\/index.php\/wp-json\/wp\/v2\/pages\/1180","targetHints":{"allow":["GET"]}}],"collection":[{"href":"https:\/\/rnetworks.com.br\/site\/index.php\/wp-json\/wp\/v2\/pages"}],"about":[{"href":"https:\/\/rnetworks.com.br\/site\/index.php\/wp-json\/wp\/v2\/types\/page"}],"author":[{"embeddable":true,"href":"https:\/\/rnetworks.com.br\/site\/index.php\/wp-json\/wp\/v2\/users\/1"}],"replies":[{"embeddable":true,"href":"https:\/\/rnetworks.com.br\/site\/index.php\/wp-json\/wp\/v2\/comments?post=1180"}],"version-history":[{"count":13,"href":"https:\/\/rnetworks.com.br\/site\/index.php\/wp-json\/wp\/v2\/pages\/1180\/revisions"}],"predecessor-version":[{"id":12721,"href":"https:\/\/rnetworks.com.br\/site\/index.php\/wp-json\/wp\/v2\/pages\/1180\/revisions\/12721"}],"wp:attachment":[{"href":"https:\/\/rnetworks.com.br\/site\/index.php\/wp-json\/wp\/v2\/media?parent=1180"}],"curies":[{"name":"wp","href":"https:\/\/api.w.org\/{rel}","templated":true}]}}